{"id":27532,"date":"2020-09-23T17:31:00","date_gmt":"2020-09-23T15:31:00","guid":{"rendered":"https:\/\/bolle-net.ro\/Blog\/?page_id=27532"},"modified":"2020-10-31T11:26:49","modified_gmt":"2020-10-31T09:26:49","slug":"handy-empfang","status":"publish","type":"page","link":"https:\/\/solat.ro\/Blog\/handy-empfang\/","title":{"rendered":"Handy Empfang"},"content":{"rendered":"<h2>Wieso habe ich schlechten Handyempfang?<\/h2>\n<p>Zun\u00e4chst mal Grundlegende Dinge, die ich so einfach und oberfl\u00e4chlich wie m\u00f6glich zu Halten versuche:<br \/>\nWie funktioniert ein Handynetz?<br \/>\nDie heutigen Handynetze (2G\/3G\/4G\/5G) sind alle Cellular aufgebaut. Dies hei\u00dft sie bestehen aus vielen einzelnen Zellen, welche jeweils einen Teil der Fl\u00e4che &#8220;ausleuchten&#8221; Bewegt man sich mit dem Handy von einer dieser Zellen in eine andere, geht automatisch die Verbindung auf die n\u00e4chste Zelle.<br \/>\nUm dies bildlich aufzuzeigen (sehr einfach):<br \/>\nStellt Euch vor, Eure Augen sind das Handy und ihr geht nachts auf einer mit Stra\u00dfenlaternen beleuchteten Stra\u00dfe. Die Stra\u00dfenlaternen sind die Antennen des Mobilfunknetzes und Eure Augen &#8220;Empfangen das Licht der jeweils am besten positionierten Laterne.<br \/>\nDies ist nun nat\u00fcrlich extremst vereinfacht dargestellt, da Eure Augen ja nicht mit den Laternen Kommunizieren und den Laternen egal ist wie viele Augen herumspazieren \ud83d\ude00<\/p>\n<p>Nun kommt die Kommunikation ins Spiel:<br \/>\nEs gibt verschiedene Techniken in Mobilfunknetzen um mehrere Teilnehmer auf einer Frequenz zu bedienen.<br \/>\nIch versuche mal die zwei wichtigsten kurz und einfach zu beleuchten:<br \/>\n<strong>TDMA (2G\/GSM)<\/strong><br \/>\nTDMA steht f\u00fcr Time Division Multiple Access und bedeutet, dass sich mehrere Teilnehmer die Frequenz durch die Zeit teilen.<br \/>\nWie geht das? Auch hier wieder ein einfaches Beispiel:<br \/>\nWenn Ihr mit eurem Nachbarn \u00fcber den Gartenzaun Palavert, dann sprecht Ihr was, im Anschluss antwortet der Nachbar, dann sprecht Ihr wieder was etc&#8230;<br \/>\nKommen jetzt noch Eure Frauen dazu, sagt erst der Nachbar was zu Dir, dann die Nachbarin etwas zu Deiner Frau, dann wieder der Nachbar zu Dir etc&#8230;<br \/>\nJeder hat somit seinen &#8220;Zeitschlitz&#8221; in welchem er sprechen kann.<br \/>\nDies l\u00e4uft so schnell ab, dass (theoretisch) pro Frequenz acht Gespr\u00e4che gleichzeitig stattfinden k\u00f6nnen!<br \/>\nBei GSM gibt es daf\u00fcr jeweils zwei Frequenzen pro Kanal, Eine dieser Frequenzen wird vom Nachbarn und seiner Frau verwendet und auf der anderen antwortet Ihr und Eure Frau.<br \/>\nDas System mit den zwei Frequenzen nennt sich dann \u00fcbrigens &#8220;FDD&#8221; &#8211; Frequency Division Duplex (Durch Frequenz geteiltes Duplex)<\/p>\n<p><strong>CDMA (UMTS\/LTE\/5G)<\/strong><br \/>\nCDMA steht f\u00fcr Code Division Multiple Access.<br \/>\nBei CDMA senden alle gleichzeitig, werden anhand eines Codes identifiziert und herausgefiltert.<br \/>\nUm auf das Beispiel mit dem Nachbarn am Zaun zur\u00fcckzukommen:<br \/>\nEuer Nachbar spricht mit Dir und die Nachbarin gleichzeitig mit Deiner Frau.<br \/>\nDu Erkennst die Worte deines Nachbarn anhand der Stimme (was dem Code entsprechen w\u00fcrde und kannst relativ ungest\u00f6rt mit Ihm plaudern, da du die Worte der Nachbarin und Deiner Frau &#8220;ausblendest&#8221;<br \/>\nDas Problem dabei ist, dass die bei kleinen Gruppen geht, aber in einer gro\u00dfen Menge geht dann doch vieles verloren und muss wiederholt werden!<\/p>\n<p>So \u00e4hnlich ist dies auch im Handynetz!<\/p>\n<p>Egal was Ihr \u00fcbertragt, Sprache oder Daten (Jawohl, Sprache ist nichts anderes als Daten) Das System bleibt sich gleich!<\/p>\n<p>Nun kommt noch ein weiterer &#8220;Effekt&#8221; hinzu: Je weiter Ihr von Eurem Nachbarn weg steht umso lauter m\u00fcsst Ihr schreien um geh\u00f6rt zu werden! Dies ist beim Handy dann die Sendeleistung.<\/p>\n<div id=\"attachment_27537\" style=\"width: 148px\" class=\"wp-caption alignnone\"><a href=\"https:\/\/solat.ro\/Blog\/wp-content\/uploads\/2020\/09\/Screenshot_20200922-093524.png\"><img loading=\"lazy\" decoding=\"async\" aria-describedby=\"caption-attachment-27537\" class=\"size-medium wp-image-27537\" src=\"https:\/\/solat.ro\/Blog\/wp-content\/uploads\/2020\/09\/Screenshot_20200922-093524-138x300.png\" alt=\"Empfangspegel\" width=\"138\" height=\"300\" srcset=\"https:\/\/solat.ro\/Blog\/wp-content\/uploads\/2020\/09\/Screenshot_20200922-093524-138x300.png 138w, https:\/\/solat.ro\/Blog\/wp-content\/uploads\/2020\/09\/Screenshot_20200922-093524-473x1024.png 473w, https:\/\/solat.ro\/Blog\/wp-content\/uploads\/2020\/09\/Screenshot_20200922-093524-69x150.png 69w, https:\/\/solat.ro\/Blog\/wp-content\/uploads\/2020\/09\/Screenshot_20200922-093524-709x1536.png 709w, https:\/\/solat.ro\/Blog\/wp-content\/uploads\/2020\/09\/Screenshot_20200922-093524.png 720w\" sizes=\"auto, (max-width: 138px) 100vw, 138px\" \/><\/a><p id=\"caption-attachment-27537\" class=\"wp-caption-text\">Empfangspegel<\/p><\/div>\n<p>Schauen wir uns nun mal ein praktisches Beispiel an.<br \/>\nIm Bild (obere H\u00e4lfte) sieht man schon mal einige Informationen:<br \/>\n&#8211; Den Provider (Digi.mobil RO)<br \/>\n&#8211; Sim 1 (In diesem H\u00e4ndy k\u00f6nnten zwei Sim sein)<br \/>\n&#8211; LTE Band 38 (2600 MHz, TDD)<br \/>\n&#8211; Empfangspegel (-109 dBm)<br \/>\n&#8211; RSSNR (Das Signal-L\u00e4rm Verh\u00e4ltnis<br \/>\n&#8211; RSRQ (Empfangsqualit\u00e4t)<\/p>\n<p>Die F\u00fcr den Empfang des Handys wichtigen Werte sind die letzten drei: Empfangspegel, RSSNR und RSRQ.<\/p>\n<p><strong>Der Empfangspegel<\/strong><br \/>\nIm Bild seht Ihr einen Empfangspegel von -109 deziBel mit der Referenz Milliwatt.<br \/>\nIch will wie beschrieben nicht allzu weit auf Details eingehen, nur so viel:<br \/>\nDie Sende und Empfangsleistung wird nicht in Watt, sondern in deziBel angegeben.<br \/>\nDie Faustregel ist_<br \/>\n0 dBm =1 mW<br \/>\n3 dBm =2 mW<br \/>\n10 dBm = 10Mw<br \/>\nDies bedeutet:<br \/>\n+ 3 dBm = Verdoppelung der Leistung<br \/>\n+10 dBm = Verzehnfachung der Leistung<br \/>\nDasselbe umgekehrt nat\u00fcrlich mit Negativwerten&#8230;<\/p>\n<p>(Einen Umrechner habe ich <a href=\"https:\/\/solat.ro\/Blog\/w2d\/\" rel=\"noopener noreferrer\" target=\"_blank\">HIER<\/a> )<\/p>\n<p>-109 dBm sind somit: <strong>1.26e-14 mW = 1.26 x 10<sup>-14mW<\/sup> = 0.0000000000000126W<\/strong><\/p>\n<p>Dies war die Empfangsleistung meines Handys zum Zeitpunkt der Bildschirmaufnahme!<br \/>\nm auf das Gespr\u00e4ch mit dem Nachbarn am Zaun zur\u00fcck zu kommen kann man dies vergleichen mit der Distanz zum Nachbarn beim Gespr\u00e4ch: Irgendwann ist er zu weit weg. Da kann er schreien so laut er will, er ist einfach nicht mehr zu h\u00f6ren <\/p>\n<p><strong>Der RSSNR<\/strong><\/p>\n<p>Der RSSNR ist eigentlich das Verh\u00e4ltnis des Nutzsignals zu St\u00f6rsignalen.<br \/>\nBei diesem Effekt beeinflussen sich Wellen durch \u00dcberlagerung, bedingt zum Beispiel durch Reflektionen oder von Wellen benachbarter Funkmasten \/ Zellen auf der gleichen Frequenz. Dies kann zu Verst\u00e4rkungen oder im Extremfall zu kompletter Ausl\u00f6schung eines Signals f\u00fchren.<br \/>\nWieder der Nachbar am Zaun, da w\u00fcrde dies bedeuten: wenn gleichzeitig zu viele Nachbarn zu laut sprechen geht nichts mehr, da der L\u00e4rm zu gro\u00df wird. Dabei muessen die Nachbarn nicht mal in der N\u00e4he stehen, durch die Stra\u00dfenschluchten wird der L\u00e4rm ihrer Gespr\u00e4che zu Euch reflektiert! <\/p>\n<p><strong>Der RSRQ<\/strong><\/p>\n<p>Der\u00a0 RSRQ ist ein Verh\u00e4ltniswert. Er ist f\u00fcr die Beurteilung einer LTE-Verbindung, bzw. der Empfangsqualit\u00e4t wichtig. Der RSRQ wird unter anderem bei mobilen Endger\u00e4ten seitens des Sendemastes verwendet, um die Notwendigkeit eines Zell- oder Netzwechsels bestimmen zu k\u00f6nnen.<br \/>\nZu diesem Wert faellt mir momentan kein bildliches (Nachbar) Beispiel ein&#8230;<\/p>\n","protected":false},"excerpt":{"rendered":"<p>Wieso habe ich schlechten Handyempfang? Zun\u00e4chst mal Grundlegende Dinge, die ich so einfach und oberfl\u00e4chlich wie m\u00f6glich zu Halten versuche: Wie funktioniert ein Handynetz? Die heutigen Handynetze (2G\/3G\/4G\/5G) sind alle Cellular aufgebaut. Dies hei\u00dft sie bestehen aus vielen einzelnen Zellen, &hellip; <a href=\"https:\/\/solat.ro\/Blog\/handy-empfang\/\">Weiterlesen <span class=\"meta-nav\">&rarr;<\/span><\/a><\/p>\n","protected":false},"author":1,"featured_media":0,"parent":0,"menu_order":0,"comment_status":"closed","ping_status":"closed","template":"","meta":{"wprm-recipe-roundup-name":"","wprm-recipe-roundup-description":"","footnotes":""},"class_list":["post-27532","page","type-page","status-publish","hentry"],"_links":{"self":[{"href":"https:\/\/solat.ro\/Blog\/wp-json\/wp\/v2\/pages\/27532","targetHints":{"allow":["GET"]}}],"collection":[{"href":"https:\/\/solat.ro\/Blog\/wp-json\/wp\/v2\/pages"}],"about":[{"href":"https:\/\/solat.ro\/Blog\/wp-json\/wp\/v2\/types\/page"}],"author":[{"embeddable":true,"href":"https:\/\/solat.ro\/Blog\/wp-json\/wp\/v2\/users\/1"}],"replies":[{"embeddable":true,"href":"https:\/\/solat.ro\/Blog\/wp-json\/wp\/v2\/comments?post=27532"}],"version-history":[{"count":0,"href":"https:\/\/solat.ro\/Blog\/wp-json\/wp\/v2\/pages\/27532\/revisions"}],"wp:attachment":[{"href":"https:\/\/solat.ro\/Blog\/wp-json\/wp\/v2\/media?parent=27532"}],"curies":[{"name":"wp","href":"https:\/\/api.w.org\/{rel}","templated":true}]}}