{"id":28345,"date":"2022-10-02T12:56:40","date_gmt":"2022-10-02T10:56:40","guid":{"rendered":"https:\/\/bolle-net.ro\/Blog\/?page_id=28345"},"modified":"2022-10-02T12:56:40","modified_gmt":"2022-10-02T10:56:40","slug":"ecowitt","status":"publish","type":"page","link":"https:\/\/solat.ro\/Blog\/ecowitt\/","title":{"rendered":"Ecowitt"},"content":{"rendered":"<p>Ecowitt ist meines Wissens eine zu Fine Offset geh\u00f6rende Firma, welche den Vertrieb der Produkte \u00fcbernimmt, wobei Fine Offset der Hersteller ist.<\/p>\n<p>Ecowitt schreibt auf seiner <a href=\"https:\/\/www.facebook.com\/ecowittsupport\/\" rel=\"noopener\" target=\"_blank\">Facebook-Seite<\/a> in englisch:<br \/>\n<em><br \/>\nEcowitt bietet Menschen auf der ganzen Welt professionelle Wetterprodukte an. Mit starker Technologie und werkseitigem Backup ist ecowitt Ihre perfekte Wahl!<br \/>\nECOWITT ist eine Marke, die sich auf Wettervorhersageprodukte spezialisiert hat, die in der  Landwirtschaft, in  Schulen, in der  Umwelt\u00fcberwachung von St\u00e4dten, im Landschaftsmanagement usw. weit verbreitet sind.<br \/>\nWir bef\u00fcrworten das Prinzip der Kundenorientierung und bedarfsgerechten Anpassung und haben einen hohen Ruf auf dem ausl\u00e4ndischen Haushaltsmarkt. Wir haben durchgehend hohe Anforderungen an Qualit\u00e4t und Umweltschutz und haben europ\u00e4ische und nordamerikanische Produktzertifizierungen wie CE, UKCA, FCC bestanden und erf\u00fcllen die RoHS-Standards.<\/em><\/p>\n<p>Gekauft werden k\u00f6nnen die Produkte direkt \u00fcber <a href=\"https:\/\/www.ecowitt.com\/shop\/goodsPage\/0\/20\" rel=\"noopener\" target=\"_blank\">Ecowitt.com<\/a>, oder \u00fcber deren <a href=\"https:\/\/amzn.to\/3M1vCSk\" rel=\"noopener\" target=\"_blank\">Amazon-Shop<\/a>, wobei immer darauf geachtet werden muss, die f\u00fcr Europa bestimmten (und freigegebenen) Frequenzen von 868 MHz zu bestellen!! (Bei Amazon beinahe Standard, allerdings gibt es noch Ger\u00e4te im 433 MHz Bereich welche in Europa auch noch zul\u00e4ssig sind!)<\/p>\n","protected":false},"excerpt":{"rendered":"<p>Ecowitt ist meines Wissens eine zu Fine Offset geh\u00f6rende Firma, welche den Vertrieb der Produkte \u00fcbernimmt, wobei Fine Offset der Hersteller ist. Ecowitt schreibt auf seiner Facebook-Seite in englisch: Ecowitt bietet Menschen auf der ganzen Welt professionelle Wetterprodukte an. Mit &hellip; <a href=\"https:\/\/solat.ro\/Blog\/ecowitt\/\">Weiterlesen <span class=\"meta-nav\">&rarr;<\/span><\/a><\/p>\n","protected":false},"author":1,"featured_media":0,"parent":0,"menu_order":0,"comment_status":"closed","ping_status":"closed","template":"","meta":{"wprm-recipe-roundup-name":"","wprm-recipe-roundup-description":"","footnotes":""},"class_list":["post-28345","page","type-page","status-publish","hentry"],"_links":{"self":[{"href":"https:\/\/solat.ro\/Blog\/wp-json\/wp\/v2\/pages\/28345","targetHints":{"allow":["GET"]}}],"collection":[{"href":"https:\/\/solat.ro\/Blog\/wp-json\/wp\/v2\/pages"}],"about":[{"href":"https:\/\/solat.ro\/Blog\/wp-json\/wp\/v2\/types\/page"}],"author":[{"embeddable":true,"href":"https:\/\/solat.ro\/Blog\/wp-json\/wp\/v2\/users\/1"}],"replies":[{"embeddable":true,"href":"https:\/\/solat.ro\/Blog\/wp-json\/wp\/v2\/comments?post=28345"}],"version-history":[{"count":0,"href":"https:\/\/solat.ro\/Blog\/wp-json\/wp\/v2\/pages\/28345\/revisions"}],"wp:attachment":[{"href":"https:\/\/solat.ro\/Blog\/wp-json\/wp\/v2\/media?parent=28345"}],"curies":[{"name":"wp","href":"https:\/\/api.w.org\/{rel}","templated":true}]}}