{"id":5113,"date":"2018-01-17T11:14:42","date_gmt":"2018-01-17T10:14:42","guid":{"rendered":"http:\/\/www.bolle-net.ro\/Blog\/?page_id=5113"},"modified":"2018-01-17T11:14:42","modified_gmt":"2018-01-17T10:14:42","slug":"startseite","status":"publish","type":"page","link":"https:\/\/solat.ro\/Blog\/startseite\/","title":{"rendered":"Startseite"},"content":{"rendered":"<h2>Hallo und Willkommen bei unserem Abenteuer Rum\u00e4nien.<\/h2>\n<p style=\"text-align: left;\">Mittlerweile ist es ja nicht mehr nur Abenteuer Rum\u00e4nien, sondern auch infolge der Geschehnisse eher &#8220;Abenteuer Leben*&#8230;<br \/>\nDie letzten Beitr\u00e4ge im Ticker:<br \/>\n[wpticker id=2]<\/p>\n<p style=\"text-align: left;\">Leider hatten wir in letzter Zeit viele &#8220;Fake-Anmeldungen&#8221; im Blog, vermutlich mit dem Ziel den Blog &#8220;zuzuspammen&#8221;.<br \/>\nUm dies zu verhindern, werde ich in Zukunft alle Neuanmeldungen manuell genehmigen m\u00fcssen.<br \/>\nDies kann nat\u00fcrlich zu Verz\u00f6gerungen f\u00fchren. Ich bitte dies zu Entschuldigen.<\/p>\n<p>Wenn Du ein neuer Benutzer und somit das erste mal hier bist, und von Anfang an lesen willst ist es am einfachsten wenn Du auf den Link &#8220;<a href=\"https:\/\/solat.ro\/Blog\/die-beweggrunde-furs-auswandern\/\"> Erste Seite <\/a>&#8220;Klickst. Du wirst dann zum ersten Beitrag geleitet. Den jeweils n\u00e4chsten Beitrag findest Du, indem Du unten links auf der Seite auf *N\u00e4chste&#8221; Klickst.<br \/>\nSo und nun w\u00fcnsche ich viel Spass.<br \/>\n<a href=\"https:\/\/solat.ro\/Blog\/die-beweggrunde-furs-auswandern\/\">Erster Beitrag<\/a><br \/>\nFalls Dir dieser Blog gef\u00e4llt und Du mich unterst\u00fctzen willst, mache doch Deine Eink\u00e4ufe bei Amazon \u00fcber untenstehenden Link:<br \/>\n<script type=\"text\/javascript\">amzn_assoc_ad_type =\"responsive_search_widget\"; amzn_assoc_tracking_id =\"abenterumaen-21\"; amzn_assoc_marketplace =\"amazon\"; amzn_assoc_region =\"DE\"; amzn_assoc_placement =\"\"; amzn_assoc_search_type = \"search_widget\";amzn_assoc_width =\"auto\"; amzn_assoc_height =\"auto\"; amzn_assoc_default_search_category =\"\"; amzn_assoc_default_search_key =\"\";amzn_assoc_theme =\"light\"; amzn_assoc_bg_color =\"FFFFFF\"; <\/script><script src=\"\/\/z-eu.amazon-adsystem.com\/widgets\/q?ServiceVersion=20070822&amp;Operation=GetScript&amp;ID=OneJS&amp;WS=1&amp;Marketplace=DE\"><\/script><\/p>\n","protected":false},"excerpt":{"rendered":"<p>Hallo und Willkommen bei unserem Abenteuer Rum\u00e4nien. Mittlerweile ist es ja nicht mehr nur Abenteuer Rum\u00e4nien, sondern auch infolge der Geschehnisse eher &#8220;Abenteuer Leben*&#8230; Die letzten Beitr\u00e4ge im Ticker: [wpticker id=2] Leider hatten wir in letzter Zeit viele &#8220;Fake-Anmeldungen&#8221; im &hellip; <a href=\"https:\/\/solat.ro\/Blog\/startseite\/\">Weiterlesen <span class=\"meta-nav\">&rarr;<\/span><\/a><\/p>\n","protected":false},"author":1,"featured_media":0,"parent":0,"menu_order":0,"comment_status":"closed","ping_status":"closed","template":"sidebar-page.php","meta":{"wprm-recipe-roundup-name":"","wprm-recipe-roundup-description":"","footnotes":""},"class_list":["post-5113","page","type-page","status-publish","hentry"],"_links":{"self":[{"href":"https:\/\/solat.ro\/Blog\/wp-json\/wp\/v2\/pages\/5113","targetHints":{"allow":["GET"]}}],"collection":[{"href":"https:\/\/solat.ro\/Blog\/wp-json\/wp\/v2\/pages"}],"about":[{"href":"https:\/\/solat.ro\/Blog\/wp-json\/wp\/v2\/types\/page"}],"author":[{"embeddable":true,"href":"https:\/\/solat.ro\/Blog\/wp-json\/wp\/v2\/users\/1"}],"replies":[{"embeddable":true,"href":"https:\/\/solat.ro\/Blog\/wp-json\/wp\/v2\/comments?post=5113"}],"version-history":[{"count":0,"href":"https:\/\/solat.ro\/Blog\/wp-json\/wp\/v2\/pages\/5113\/revisions"}],"wp:attachment":[{"href":"https:\/\/solat.ro\/Blog\/wp-json\/wp\/v2\/media?parent=5113"}],"curies":[{"name":"wp","href":"https:\/\/api.w.org\/{rel}","templated":true}]}}